{"id":3792,"date":"2024-05-27T19:21:51","date_gmt":"2024-05-27T17:21:51","guid":{"rendered":"https:\/\/agenda.somosopenfi.com\/?post_type=product&#038;p=3792"},"modified":"2026-02-23T17:49:26","modified_gmt":"2026-02-23T16:49:26","slug":"agenda-financiera-digital-2","status":"publish","type":"product","link":"https:\/\/agenda.somosopenfi.com\/index.php\/producto\/agenda-financiera-digital-2\/","title":{"rendered":"Agenda financiera digital verde + asesor\u00eda personalizada"},"content":{"rendered":"<p>Nuestra asesor\u00eda financiera te brinda la orientaci\u00f3n y el apoyo necesario para tomar el control de tus finanzas y alcanzar tus objetivos econ\u00f3micos. Con nuestro servicio, recibir\u00e1s asesoramiento personalizado y adaptado a tus necesidades, adem\u00e1s tendr\u00e1s la oportunidad de adquirir nuestra agenda financiera, una herramienta practica dise\u00f1ada para ayudarte a organizar tus ingresos, gastos y ahorros de manera efectiva. Con tu agenda podr\u00e1s visualizar tus metas financieras y dar pasos concretos para su cumplimiento. Nuestro servicio de asesor\u00eda financiera incluye 1 sesi\u00f3n virtual de una duraci\u00f3n de 60 minutos. Durante estas sesi\u00f3n tendr\u00e1s la oportunidad de trabajar con nuestros expertos financieros, quienes te guiaran en la optimizaci\u00f3n del uso de esta agenda, te compartir\u00e1n tips para que puedas crear un plan personalizado que se adapte a tus metas y circunstancias individuales. Estamos listos para ayudarte a alcanzar tus metas financiera.<\/p>\n","protected":false},"excerpt":{"rendered":"<p>Adentro: 150 hojas<br \/>\nFormato: PDF + 1 videollamada de 1 hora<br \/>\nRecomendado para: Tablets<br \/>\nContiene: Gu\u00edas, tablas para completar, concejos, frases inspiradoras<br \/>\nPeso: 15 MB<br \/>\nEscrito por: Rosmery Morales<br \/>\nEditado y dise\u00f1ador por: Agua Studio<br \/>\nIlustraciones: Agua Studio<\/p>\n<p>&nbsp;<\/p>\n","protected":false},"featured_media":4394,"comment_status":"open","ping_status":"closed","template":"","meta":[],"product_brand":[],"product_cat":[26],"product_tag":[51,42,47,54,43,50,52,28,55,48,49,44,45,46,53],"class_list":{"0":"post-3792","1":"product","2":"type-product","3":"status-publish","4":"has-post-thumbnail","6":"product_cat-finanzas-personales","7":"product_tag-agenda-digital","8":"product_tag-agenda-financiera-digital-atemporal","9":"product_tag-ahorro-de-dinero","10":"product_tag-control-de-gastos","11":"product_tag-disenada-para-la-gestion-financiera-efectiva","12":"product_tag-educacion-financiera","13":"product_tag-empoderamiento-financiero","14":"product_tag-finanzas-personales","15":"product_tag-inversiones","16":"product_tag-metas-financieras","17":"product_tag-organizacion-financiera","18":"product_tag-planificacion-personal","19":"product_tag-presupuesto","20":"product_tag-productividad-financiera","21":"product_tag-suenos-economicos","23":"first","24":"instock","25":"featured","26":"downloadable","27":"virtual","28":"purchasable","29":"product-type-simple"},"yoast_head":"<!-- This site is optimized with the Yoast SEO plugin v27.3 - https:\/\/yoast.com\/product\/yoast-seo-wordpress\/ -->\n<title>Agenda Financiera Digital - Y es Atemporal!<\/title>\n<meta name=\"description\" content=\"Conoce la mejor agenda financiera digital en el mercado, sabes por qu\u00e9? porque es ATEMPORAL, puedes iniciarla cuando quieras!\" \/>\n<meta name=\"robots\" content=\"index, follow, max-snippet:-1, max-image-preview:large, max-video-preview:-1\" \/>\n<link rel=\"canonical\" href=\"https:\/\/agenda.somosopenfi.com\/index.php\/producto\/agenda-financiera-digital-2\/\" \/>\n<meta property=\"og:locale\" content=\"es_ES\" \/>\n<meta property=\"og:type\" content=\"article\" \/>\n<meta property=\"og:title\" content=\"Agenda Financiera Digital - Y es Atemporal!\" \/>\n<meta property=\"og:description\" content=\"Conoce la mejor agenda financiera digital en el mercado, sabes por qu\u00e9? porque es ATEMPORAL, puedes iniciarla cuando quieras!\" \/>\n<meta property=\"og:url\" content=\"https:\/\/agenda.somosopenfi.com\/index.php\/producto\/agenda-financiera-digital-2\/\" \/>\n<meta property=\"og:site_name\" content=\"Agenda Financiera\" \/>\n<meta property=\"article:modified_time\" content=\"2026-02-23T16:49:26+00:00\" \/>\n<meta property=\"og:image\" content=\"https:\/\/agenda.somosopenfi.com\/wp-content\/uploads\/2024\/05\/Agenda-Financiera_Ebook_Digital_Openfi_Asesoria_personalizada-1024x683.png\" \/>\n\t<meta property=\"og:image:width\" content=\"1024\" \/>\n\t<meta property=\"og:image:height\" content=\"683\" \/>\n\t<meta property=\"og:image:type\" content=\"image\/png\" \/>\n<meta name=\"twitter:card\" content=\"summary_large_image\" \/>\n<meta name=\"twitter:label1\" content=\"Tiempo de lectura\" \/>\n\t<meta name=\"twitter:data1\" content=\"1 minuto\" \/>\n<script type=\"application\/ld+json\" class=\"yoast-schema-graph\">{\"@context\":\"https:\\\/\\\/schema.org\",\"@graph\":[{\"@type\":\"WebPage\",\"@id\":\"https:\\\/\\\/agenda.somosopenfi.com\\\/index.php\\\/producto\\\/agenda-financiera-digital-2\\\/\",\"url\":\"https:\\\/\\\/agenda.somosopenfi.com\\\/index.php\\\/producto\\\/agenda-financiera-digital-2\\\/\",\"name\":\"Agenda Financiera Digital - Y es Atemporal!\",\"isPartOf\":{\"@id\":\"https:\\\/\\\/agenda.somosopenfi.com\\\/#website\"},\"primaryImageOfPage\":{\"@id\":\"https:\\\/\\\/agenda.somosopenfi.com\\\/index.php\\\/producto\\\/agenda-financiera-digital-2\\\/#primaryimage\"},\"image\":{\"@id\":\"https:\\\/\\\/agenda.somosopenfi.com\\\/index.php\\\/producto\\\/agenda-financiera-digital-2\\\/#primaryimage\"},\"thumbnailUrl\":\"https:\\\/\\\/i0.wp.com\\\/agenda.somosopenfi.com\\\/wp-content\\\/uploads\\\/2024\\\/05\\\/Agenda-Financiera_Ebook_Digital_Openfi_Asesoria_personalizada.png?fit=1350%2C900&ssl=1\",\"datePublished\":\"2024-05-27T17:21:51+00:00\",\"dateModified\":\"2026-02-23T16:49:26+00:00\",\"description\":\"Conoce la mejor agenda financiera digital en el mercado, sabes por qu\u00e9? porque es ATEMPORAL, puedes iniciarla cuando quieras!\",\"breadcrumb\":{\"@id\":\"https:\\\/\\\/agenda.somosopenfi.com\\\/index.php\\\/producto\\\/agenda-financiera-digital-2\\\/#breadcrumb\"},\"inLanguage\":\"es-CO\",\"potentialAction\":[{\"@type\":\"ReadAction\",\"target\":[\"https:\\\/\\\/agenda.somosopenfi.com\\\/index.php\\\/producto\\\/agenda-financiera-digital-2\\\/\"]}]},{\"@type\":\"ImageObject\",\"inLanguage\":\"es-CO\",\"@id\":\"https:\\\/\\\/agenda.somosopenfi.com\\\/index.php\\\/producto\\\/agenda-financiera-digital-2\\\/#primaryimage\",\"url\":\"https:\\\/\\\/i0.wp.com\\\/agenda.somosopenfi.com\\\/wp-content\\\/uploads\\\/2024\\\/05\\\/Agenda-Financiera_Ebook_Digital_Openfi_Asesoria_personalizada.png?fit=1350%2C900&ssl=1\",\"contentUrl\":\"https:\\\/\\\/i0.wp.com\\\/agenda.somosopenfi.com\\\/wp-content\\\/uploads\\\/2024\\\/05\\\/Agenda-Financiera_Ebook_Digital_Openfi_Asesoria_personalizada.png?fit=1350%2C900&ssl=1\",\"width\":1350,\"height\":900},{\"@type\":\"BreadcrumbList\",\"@id\":\"https:\\\/\\\/agenda.somosopenfi.com\\\/index.php\\\/producto\\\/agenda-financiera-digital-2\\\/#breadcrumb\",\"itemListElement\":[{\"@type\":\"ListItem\",\"position\":1,\"name\":\"Portada\",\"item\":\"https:\\\/\\\/agenda.somosopenfi.com\\\/\"},{\"@type\":\"ListItem\",\"position\":2,\"name\":\"Agendas\",\"item\":\"https:\\\/\\\/agenda.somosopenfi.com\\\/index.php\\\/agenda-financiera-2\\\/\"},{\"@type\":\"ListItem\",\"position\":3,\"name\":\"Agenda financiera digital verde + asesor\u00eda personalizada\"}]},{\"@type\":\"WebSite\",\"@id\":\"https:\\\/\\\/agenda.somosopenfi.com\\\/#website\",\"url\":\"https:\\\/\\\/agenda.somosopenfi.com\\\/\",\"name\":\"Agenda Financiera\",\"description\":\"\",\"publisher\":{\"@id\":\"https:\\\/\\\/agenda.somosopenfi.com\\\/#organization\"},\"potentialAction\":[{\"@type\":\"SearchAction\",\"target\":{\"@type\":\"EntryPoint\",\"urlTemplate\":\"https:\\\/\\\/agenda.somosopenfi.com\\\/?s={search_term_string}\"},\"query-input\":{\"@type\":\"PropertyValueSpecification\",\"valueRequired\":true,\"valueName\":\"search_term_string\"}}],\"inLanguage\":\"es-CO\"},{\"@type\":\"Organization\",\"@id\":\"https:\\\/\\\/agenda.somosopenfi.com\\\/#organization\",\"name\":\"Agenda Financiera\",\"url\":\"https:\\\/\\\/agenda.somosopenfi.com\\\/\",\"logo\":{\"@type\":\"ImageObject\",\"inLanguage\":\"es-CO\",\"@id\":\"https:\\\/\\\/agenda.somosopenfi.com\\\/#\\\/schema\\\/logo\\\/image\\\/\",\"url\":\"https:\\\/\\\/i0.wp.com\\\/agenda.somosopenfi.com\\\/wp-content\\\/uploads\\\/2024\\\/05\\\/Agenda-Financiera_Ebook_Digital_Openfi_Interna_1-1.jpg?fit=1000%2C1334&ssl=1\",\"contentUrl\":\"https:\\\/\\\/i0.wp.com\\\/agenda.somosopenfi.com\\\/wp-content\\\/uploads\\\/2024\\\/05\\\/Agenda-Financiera_Ebook_Digital_Openfi_Interna_1-1.jpg?fit=1000%2C1334&ssl=1\",\"width\":1000,\"height\":1334,\"caption\":\"Agenda Financiera\"},\"image\":{\"@id\":\"https:\\\/\\\/agenda.somosopenfi.com\\\/#\\\/schema\\\/logo\\\/image\\\/\"},\"sameAs\":[\"https:\\\/\\\/www.instagram.com\\\/somosopenfi\\\/\"]}]}<\/script>\n<!-- \/ Yoast SEO plugin. -->","yoast_head_json":{"title":"Agenda Financiera Digital - Y es Atemporal!","description":"Conoce la mejor agenda financiera digital en el mercado, sabes por qu\u00e9? porque es ATEMPORAL, puedes iniciarla cuando quieras!","robots":{"index":"index","follow":"follow","max-snippet":"max-snippet:-1","max-image-preview":"max-image-preview:large","max-video-preview":"max-video-preview:-1"},"canonical":"https:\/\/agenda.somosopenfi.com\/index.php\/producto\/agenda-financiera-digital-2\/","og_locale":"es_ES","og_type":"article","og_title":"Agenda Financiera Digital - Y es Atemporal!","og_description":"Conoce la mejor agenda financiera digital en el mercado, sabes por qu\u00e9? porque es ATEMPORAL, puedes iniciarla cuando quieras!","og_url":"https:\/\/agenda.somosopenfi.com\/index.php\/producto\/agenda-financiera-digital-2\/","og_site_name":"Agenda Financiera","article_modified_time":"2026-02-23T16:49:26+00:00","og_image":[{"width":1024,"height":683,"url":"https:\/\/agenda.somosopenfi.com\/wp-content\/uploads\/2024\/05\/Agenda-Financiera_Ebook_Digital_Openfi_Asesoria_personalizada-1024x683.png","type":"image\/png"}],"twitter_card":"summary_large_image","twitter_misc":{"Tiempo de lectura":"1 minuto"},"schema":{"@context":"https:\/\/schema.org","@graph":[{"@type":"WebPage","@id":"https:\/\/agenda.somosopenfi.com\/index.php\/producto\/agenda-financiera-digital-2\/","url":"https:\/\/agenda.somosopenfi.com\/index.php\/producto\/agenda-financiera-digital-2\/","name":"Agenda Financiera Digital - Y es Atemporal!","isPartOf":{"@id":"https:\/\/agenda.somosopenfi.com\/#website"},"primaryImageOfPage":{"@id":"https:\/\/agenda.somosopenfi.com\/index.php\/producto\/agenda-financiera-digital-2\/#primaryimage"},"image":{"@id":"https:\/\/agenda.somosopenfi.com\/index.php\/producto\/agenda-financiera-digital-2\/#primaryimage"},"thumbnailUrl":"https:\/\/i0.wp.com\/agenda.somosopenfi.com\/wp-content\/uploads\/2024\/05\/Agenda-Financiera_Ebook_Digital_Openfi_Asesoria_personalizada.png?fit=1350%2C900&ssl=1","datePublished":"2024-05-27T17:21:51+00:00","dateModified":"2026-02-23T16:49:26+00:00","description":"Conoce la mejor agenda financiera digital en el mercado, sabes por qu\u00e9? porque es ATEMPORAL, puedes iniciarla cuando quieras!","breadcrumb":{"@id":"https:\/\/agenda.somosopenfi.com\/index.php\/producto\/agenda-financiera-digital-2\/#breadcrumb"},"inLanguage":"es-CO","potentialAction":[{"@type":"ReadAction","target":["https:\/\/agenda.somosopenfi.com\/index.php\/producto\/agenda-financiera-digital-2\/"]}]},{"@type":"ImageObject","inLanguage":"es-CO","@id":"https:\/\/agenda.somosopenfi.com\/index.php\/producto\/agenda-financiera-digital-2\/#primaryimage","url":"https:\/\/i0.wp.com\/agenda.somosopenfi.com\/wp-content\/uploads\/2024\/05\/Agenda-Financiera_Ebook_Digital_Openfi_Asesoria_personalizada.png?fit=1350%2C900&ssl=1","contentUrl":"https:\/\/i0.wp.com\/agenda.somosopenfi.com\/wp-content\/uploads\/2024\/05\/Agenda-Financiera_Ebook_Digital_Openfi_Asesoria_personalizada.png?fit=1350%2C900&ssl=1","width":1350,"height":900},{"@type":"BreadcrumbList","@id":"https:\/\/agenda.somosopenfi.com\/index.php\/producto\/agenda-financiera-digital-2\/#breadcrumb","itemListElement":[{"@type":"ListItem","position":1,"name":"Portada","item":"https:\/\/agenda.somosopenfi.com\/"},{"@type":"ListItem","position":2,"name":"Agendas","item":"https:\/\/agenda.somosopenfi.com\/index.php\/agenda-financiera-2\/"},{"@type":"ListItem","position":3,"name":"Agenda financiera digital verde + asesor\u00eda personalizada"}]},{"@type":"WebSite","@id":"https:\/\/agenda.somosopenfi.com\/#website","url":"https:\/\/agenda.somosopenfi.com\/","name":"Agenda Financiera","description":"","publisher":{"@id":"https:\/\/agenda.somosopenfi.com\/#organization"},"potentialAction":[{"@type":"SearchAction","target":{"@type":"EntryPoint","urlTemplate":"https:\/\/agenda.somosopenfi.com\/?s={search_term_string}"},"query-input":{"@type":"PropertyValueSpecification","valueRequired":true,"valueName":"search_term_string"}}],"inLanguage":"es-CO"},{"@type":"Organization","@id":"https:\/\/agenda.somosopenfi.com\/#organization","name":"Agenda Financiera","url":"https:\/\/agenda.somosopenfi.com\/","logo":{"@type":"ImageObject","inLanguage":"es-CO","@id":"https:\/\/agenda.somosopenfi.com\/#\/schema\/logo\/image\/","url":"https:\/\/i0.wp.com\/agenda.somosopenfi.com\/wp-content\/uploads\/2024\/05\/Agenda-Financiera_Ebook_Digital_Openfi_Interna_1-1.jpg?fit=1000%2C1334&ssl=1","contentUrl":"https:\/\/i0.wp.com\/agenda.somosopenfi.com\/wp-content\/uploads\/2024\/05\/Agenda-Financiera_Ebook_Digital_Openfi_Interna_1-1.jpg?fit=1000%2C1334&ssl=1","width":1000,"height":1334,"caption":"Agenda Financiera"},"image":{"@id":"https:\/\/agenda.somosopenfi.com\/#\/schema\/logo\/image\/"},"sameAs":["https:\/\/www.instagram.com\/somosopenfi\/"]}]}},"jetpack_sharing_enabled":true,"_links":{"self":[{"href":"https:\/\/agenda.somosopenfi.com\/index.php\/wp-json\/wp\/v2\/product\/3792","targetHints":{"allow":["GET"]}}],"collection":[{"href":"https:\/\/agenda.somosopenfi.com\/index.php\/wp-json\/wp\/v2\/product"}],"about":[{"href":"https:\/\/agenda.somosopenfi.com\/index.php\/wp-json\/wp\/v2\/types\/product"}],"replies":[{"embeddable":true,"href":"https:\/\/agenda.somosopenfi.com\/index.php\/wp-json\/wp\/v2\/comments?post=3792"}],"wp:featuredmedia":[{"embeddable":true,"href":"https:\/\/agenda.somosopenfi.com\/index.php\/wp-json\/wp\/v2\/media\/4394"}],"wp:attachment":[{"href":"https:\/\/agenda.somosopenfi.com\/index.php\/wp-json\/wp\/v2\/media?parent=3792"}],"wp:term":[{"taxonomy":"product_brand","embeddable":true,"href":"https:\/\/agenda.somosopenfi.com\/index.php\/wp-json\/wp\/v2\/product_brand?post=3792"},{"taxonomy":"product_cat","embeddable":true,"href":"https:\/\/agenda.somosopenfi.com\/index.php\/wp-json\/wp\/v2\/product_cat?post=3792"},{"taxonomy":"product_tag","embeddable":true,"href":"https:\/\/agenda.somosopenfi.com\/index.php\/wp-json\/wp\/v2\/product_tag?post=3792"}],"curies":[{"name":"wp","href":"https:\/\/api.w.org\/{rel}","templated":true}]}}